{"id":15827,"date":"2026-03-18T12:28:49","date_gmt":"2026-03-18T17:28:49","guid":{"rendered":"https:\/\/giohome.com.co\/producto\/flor-diente-de-leon-x-2-amarilla-90cm\/"},"modified":"2026-03-18T15:00:20","modified_gmt":"2026-03-18T20:00:20","slug":"flor-diente-de-leon-x-2-amarilla-90cm","status":"publish","type":"product","link":"https:\/\/giohome.com.co\/es\/producto\/flor-diente-de-leon-x-2-amarilla-90cm\/","title":{"rendered":"FLOR DIENTE DE LEON X 2 AMARILLA 90CM"},"content":{"rendered":"<p>A\u00f1ade un toque distintivo a tus espacios con el flor diente de leon x 2 amarilla 90cm. Su dise\u00f1o vers\u00e1til permite integrarlo en diferentes estilos decorativos, brindando elegancia y frescura sin necesidad de cuidados constantes.<\/p>","protected":false},"excerpt":{"rendered":"<p>Hermoso flor diente de leon x 2 amarilla 90cm, perfecto para ambientes acogedores y sofisticados.<\/p>","protected":false},"featured_media":15841,"comment_status":"open","ping_status":"closed","template":"","meta":[],"product_brand":[],"product_cat":[235],"product_tag":[],"class_list":{"0":"post-15827","1":"product","2":"type-product","3":"status-publish","4":"has-post-thumbnail","6":"product_cat-flores-artificiales","8":"first","9":"outofstock","10":"sale","11":"shipping-taxable","12":"purchasable","13":"product-type-simple","14":"col-md-3","15":" col-sm-6 col-12"},"jetpack_sharing_enabled":true,"_links":{"self":[{"href":"https:\/\/giohome.com.co\/es\/wp-json\/wp\/v2\/product\/15827","targetHints":{"allow":["GET"]}}],"collection":[{"href":"https:\/\/giohome.com.co\/es\/wp-json\/wp\/v2\/product"}],"about":[{"href":"https:\/\/giohome.com.co\/es\/wp-json\/wp\/v2\/types\/product"}],"replies":[{"embeddable":true,"href":"https:\/\/giohome.com.co\/es\/wp-json\/wp\/v2\/comments?post=15827"}],"wp:featuredmedia":[{"embeddable":true,"href":"https:\/\/giohome.com.co\/es\/wp-json\/wp\/v2\/media\/15841"}],"wp:attachment":[{"href":"https:\/\/giohome.com.co\/es\/wp-json\/wp\/v2\/media?parent=15827"}],"wp:term":[{"taxonomy":"product_brand","embeddable":true,"href":"https:\/\/giohome.com.co\/es\/wp-json\/wp\/v2\/product_brand?post=15827"},{"taxonomy":"product_cat","embeddable":true,"href":"https:\/\/giohome.com.co\/es\/wp-json\/wp\/v2\/product_cat?post=15827"},{"taxonomy":"product_tag","embeddable":true,"href":"https:\/\/giohome.com.co\/es\/wp-json\/wp\/v2\/product_tag?post=15827"}],"curies":[{"name":"wp","href":"https:\/\/api.w.org\/{rel}","templated":true}]}}