{"id":3003,"date":"2026-01-21T21:02:32","date_gmt":"2026-01-21T21:02:32","guid":{"rendered":"https:\/\/giohome.com.co\/?post_type=product&#038;p=3003"},"modified":"2026-01-21T21:05:47","modified_gmt":"2026-01-21T21:05:47","slug":"arbol-de-navidad-pino-ontario","status":"publish","type":"product","link":"https:\/\/giohome.com.co\/es\/producto\/arbol-de-navidad-pino-ontario\/","title":{"rendered":"ARBOL DE NAVIDAD PINO ONTARIO"},"content":{"rendered":"<p>Su silueta robusta y su vibrante color verde oscuro, brindar\u00e1 una sensaci\u00f3n intima y c\u00e1lida a tu hogar. El Arbol de Navidad Pino Ontario es una maravilla. Dec\u00f3ralo con tus adornos preferidos, la magia de la navidad te susurrar\u00e1 suavemente a trav\u00e9s de sus en PVC cl\u00e1sico de color verde oscuro amigable con el medio ambiente, el tronco viene en dos partes con ramas independientes, lo cual permite un armado f\u00e1cil y r\u00e1pido, asi como su almacenamiento. Construido con partes met\u00e1licas como su base para mayor estabilidad y resistencia con acabado de \u00a02,2 calidad lo cual permite que la vida \u00fatil del \u00e1rbol sea mayor. Tener en cuenta que se requiere abrir bien las ramas y darles forma durante el montaje para un aspecto mas frondoso y real seg\u00fan lo deseado.<\/p>","protected":false},"excerpt":{"rendered":"<p>Garant\u00eda 5 a\u00f1os<br \/>\nMaterial PVC resistente para mayor duraci\u00f3n color verde oscuro y vena caf\u00e9.<br \/>\nTiene 1406 ramas y un di\u00e1metro de 160 cms proporcionando alta densidad y mayor naturalidad<br \/>\nBase met\u00e1lica estable y resistente<br \/>\nRamas articuladas para una f\u00e1cil y r\u00e1pida instalaci\u00f3n<br \/>\nFabricado en Colombia<\/p>","protected":false},"featured_media":3045,"comment_status":"closed","ping_status":"closed","template":"","meta":[],"product_brand":[],"product_cat":[175],"product_tag":[],"class_list":{"0":"post-3003","1":"product","2":"type-product","3":"status-publish","4":"has-post-thumbnail","6":"product_cat-arboles-de-navidad","8":"first","9":"instock","10":"sale","11":"purchasable","12":"product-type-variable","13":"col-md-3","14":" col-sm-6 col-12"},"jetpack_sharing_enabled":true,"_links":{"self":[{"href":"https:\/\/giohome.com.co\/es\/wp-json\/wp\/v2\/product\/3003","targetHints":{"allow":["GET"]}}],"collection":[{"href":"https:\/\/giohome.com.co\/es\/wp-json\/wp\/v2\/product"}],"about":[{"href":"https:\/\/giohome.com.co\/es\/wp-json\/wp\/v2\/types\/product"}],"replies":[{"embeddable":true,"href":"https:\/\/giohome.com.co\/es\/wp-json\/wp\/v2\/comments?post=3003"}],"wp:featuredmedia":[{"embeddable":true,"href":"https:\/\/giohome.com.co\/es\/wp-json\/wp\/v2\/media\/3045"}],"wp:attachment":[{"href":"https:\/\/giohome.com.co\/es\/wp-json\/wp\/v2\/media?parent=3003"}],"wp:term":[{"taxonomy":"product_brand","embeddable":true,"href":"https:\/\/giohome.com.co\/es\/wp-json\/wp\/v2\/product_brand?post=3003"},{"taxonomy":"product_cat","embeddable":true,"href":"https:\/\/giohome.com.co\/es\/wp-json\/wp\/v2\/product_cat?post=3003"},{"taxonomy":"product_tag","embeddable":true,"href":"https:\/\/giohome.com.co\/es\/wp-json\/wp\/v2\/product_tag?post=3003"}],"curies":[{"name":"wp","href":"https:\/\/api.w.org\/{rel}","templated":true}]}}