{"id":3854,"date":"2026-01-21T21:31:15","date_gmt":"2026-01-21T21:31:15","guid":{"rendered":"https:\/\/giohome.com.co\/?post_type=product&#038;p=3854"},"modified":"2026-03-18T09:51:42","modified_gmt":"2026-03-18T14:51:42","slug":"orquidea-98-cm-mariposa-x-9-petalos-verde","status":"publish","type":"product","link":"https:\/\/giohome.com.co\/es\/producto\/orquidea-98-cm-mariposa-x-9-petalos-verde\/","title":{"rendered":"ORQUIDEA 98 CM MARIPOSA X 9 PETALOS VERDE"},"content":{"rendered":"<p>Llena tus espacios de frescura y modernidad con esta orqu\u00eddea artificial de 98 cm en un elegante tono verde. Con sus 9 p\u00e9talos delicadamente dise\u00f1ados, esta pieza aporta un aire natural y sofisticado, perfecto para realzar cualquier ambiente, desde hogares hasta oficinas.<\/p>","protected":false},"excerpt":{"rendered":"<p><strong>Cantidad m\u00ednima de compra:<\/strong> Este producto tiene una cantidad m\u00ednima de compra de 3 unidades.<\/p>","protected":false},"featured_media":3939,"comment_status":"closed","ping_status":"closed","template":"","meta":[],"product_brand":[],"product_cat":[235],"product_tag":[],"class_list":{"0":"post-3854","1":"product","2":"type-product","3":"status-publish","4":"has-post-thumbnail","6":"product_cat-flores-artificiales","8":"first","9":"outofstock","10":"sale","11":"shipping-taxable","12":"purchasable","13":"product-type-simple","14":"col-md-3","15":" col-sm-6 col-12"},"jetpack_sharing_enabled":true,"_links":{"self":[{"href":"https:\/\/giohome.com.co\/es\/wp-json\/wp\/v2\/product\/3854","targetHints":{"allow":["GET"]}}],"collection":[{"href":"https:\/\/giohome.com.co\/es\/wp-json\/wp\/v2\/product"}],"about":[{"href":"https:\/\/giohome.com.co\/es\/wp-json\/wp\/v2\/types\/product"}],"replies":[{"embeddable":true,"href":"https:\/\/giohome.com.co\/es\/wp-json\/wp\/v2\/comments?post=3854"}],"wp:featuredmedia":[{"embeddable":true,"href":"https:\/\/giohome.com.co\/es\/wp-json\/wp\/v2\/media\/3939"}],"wp:attachment":[{"href":"https:\/\/giohome.com.co\/es\/wp-json\/wp\/v2\/media?parent=3854"}],"wp:term":[{"taxonomy":"product_brand","embeddable":true,"href":"https:\/\/giohome.com.co\/es\/wp-json\/wp\/v2\/product_brand?post=3854"},{"taxonomy":"product_cat","embeddable":true,"href":"https:\/\/giohome.com.co\/es\/wp-json\/wp\/v2\/product_cat?post=3854"},{"taxonomy":"product_tag","embeddable":true,"href":"https:\/\/giohome.com.co\/es\/wp-json\/wp\/v2\/product_tag?post=3854"}],"curies":[{"name":"wp","href":"https:\/\/api.w.org\/{rel}","templated":true}]}}