{"id":3945,"date":"2026-01-21T21:35:59","date_gmt":"2026-01-21T21:35:59","guid":{"rendered":"https:\/\/giohome.com.co\/?post_type=product&#038;p=3945"},"modified":"2026-03-18T09:51:42","modified_gmt":"2026-03-18T14:51:42","slug":"hortencia-antique-35-cm-x-1-rosada","status":"publish","type":"product","link":"https:\/\/giohome.com.co\/es\/producto\/hortencia-antique-35-cm-x-1-rosada\/","title":{"rendered":"HORTENCIA ANTIQUE 35 CM X 1 ROSADA"},"content":{"rendered":"<p>A\u00f1ade un toque vintage y elegante a tu decoraci\u00f3n con esta hortensia artificial antique de 35 cm en un delicado tono rosado. Su dise\u00f1o \u00fanico y realista es perfecto para realzar cualquier espacio con un aire de frescura y sofisticaci\u00f3n, ideal para crear ambientes tranquilos y rom\u00e1nticos.<\/p>","protected":false},"excerpt":{"rendered":"<p><strong>Cantidad m\u00ednima de compra:<\/strong> Este producto tiene una cantidad m\u00ednima de compra de 3 unidades.<\/p>","protected":false},"featured_media":3989,"comment_status":"closed","ping_status":"closed","template":"","meta":[],"product_brand":[],"product_cat":[235],"product_tag":[],"class_list":{"0":"post-3945","1":"product","2":"type-product","3":"status-publish","4":"has-post-thumbnail","6":"product_cat-flores-artificiales","8":"first","9":"outofstock","10":"sale","11":"shipping-taxable","12":"purchasable","13":"product-type-simple","14":"col-md-3","15":" col-sm-6 col-12"},"jetpack_sharing_enabled":true,"_links":{"self":[{"href":"https:\/\/giohome.com.co\/es\/wp-json\/wp\/v2\/product\/3945","targetHints":{"allow":["GET"]}}],"collection":[{"href":"https:\/\/giohome.com.co\/es\/wp-json\/wp\/v2\/product"}],"about":[{"href":"https:\/\/giohome.com.co\/es\/wp-json\/wp\/v2\/types\/product"}],"replies":[{"embeddable":true,"href":"https:\/\/giohome.com.co\/es\/wp-json\/wp\/v2\/comments?post=3945"}],"wp:featuredmedia":[{"embeddable":true,"href":"https:\/\/giohome.com.co\/es\/wp-json\/wp\/v2\/media\/3989"}],"wp:attachment":[{"href":"https:\/\/giohome.com.co\/es\/wp-json\/wp\/v2\/media?parent=3945"}],"wp:term":[{"taxonomy":"product_brand","embeddable":true,"href":"https:\/\/giohome.com.co\/es\/wp-json\/wp\/v2\/product_brand?post=3945"},{"taxonomy":"product_cat","embeddable":true,"href":"https:\/\/giohome.com.co\/es\/wp-json\/wp\/v2\/product_cat?post=3945"},{"taxonomy":"product_tag","embeddable":true,"href":"https:\/\/giohome.com.co\/es\/wp-json\/wp\/v2\/product_tag?post=3945"}],"curies":[{"name":"wp","href":"https:\/\/api.w.org\/{rel}","templated":true}]}}